{"id":25,"date":"2018-05-26T12:20:32","date_gmt":"2018-05-26T12:20:32","guid":{"rendered":"https:\/\/art-vera.ch\/?page_id=25"},"modified":"2018-07-18T08:55:16","modified_gmt":"2018-07-18T08:55:16","slug":"test","status":"publish","type":"page","link":"https:\/\/art-vera.ch\/","title":{"rendered":"Willkommen"},"content":{"rendered":"<p>Herzlich willkommen auf meiner Webseite. Es freut mich sehr, dass Sie den Weg hierher gefunden haben.<\/p>\n<p>Gerne erz\u00e4hle ich Ihnen etwas \u00fcber mich. Schon w\u00e4hrend meiner Schulzeit war das Zeichnen und Malen mein gr\u00f6sstes Hobby. Nach der Schulzeit hatte ich leider keine M\u00f6glichkeit, mir auf diesem Sektor eine Ausbildung zu finanzieren. Als dann meine Kinder gross wurden und mein Mann verstorben war, entschied ich mich, mein einstiges Hobby zu vertiefen. Ich besuchte mehrere Kurse bei Frau Christina Blatter-Schwab in Bremgarten (AG). Sie entfachte in mir aufs Neue das Feuer f\u00fcr die Malerei auf allen Ebenen und bildete mich in den Techniken Kreide, Aquarell, Mischtechnik und Acryl aus. Meine Objekte sind vor allem Tiere und Landschaften. Ich arbeite nach Vorlagen (Fotos, Zeitschriften&#8230;etc.) und erg\u00e4nze die Bilder nach meinen Ideen.<\/p>\n<p>Gerne zeichne ich auch f\u00fcr Sie Bilder nach Vorlagen.<\/p>\n<p>Oder haben Sie Fragen zu den bestehenden Bildern?<\/p>\n<p>Sie k\u00f6nnen mich gerne kontaktieren.<\/p>\n<p>Verena De Luca<\/p>\n<p>&nbsp;<\/p>\n<p>&nbsp;<\/p>\n<p>&nbsp;<\/p>\n<p>&nbsp;<\/p>\n","protected":false},"excerpt":{"rendered":"<p>Herzlich willkommen auf meiner Webseite. Es freut mich sehr, dass Sie den Weg hierher gefunden haben. Gerne erz\u00e4hle ich Ihnen&hellip; <\/p>\n","protected":false},"author":1,"featured_media":0,"parent":0,"menu_order":0,"comment_status":"closed","ping_status":"closed","template":"","meta":{"footnotes":""},"class_list":["post-25","page","type-page","status-publish","hentry"],"_links":{"self":[{"href":"https:\/\/art-vera.ch\/index.php?rest_route=\/wp\/v2\/pages\/25","targetHints":{"allow":["GET"]}}],"collection":[{"href":"https:\/\/art-vera.ch\/index.php?rest_route=\/wp\/v2\/pages"}],"about":[{"href":"https:\/\/art-vera.ch\/index.php?rest_route=\/wp\/v2\/types\/page"}],"author":[{"embeddable":true,"href":"https:\/\/art-vera.ch\/index.php?rest_route=\/wp\/v2\/users\/1"}],"replies":[{"embeddable":true,"href":"https:\/\/art-vera.ch\/index.php?rest_route=%2Fwp%2Fv2%2Fcomments&post=25"}],"version-history":[{"count":19,"href":"https:\/\/art-vera.ch\/index.php?rest_route=\/wp\/v2\/pages\/25\/revisions"}],"predecessor-version":[{"id":491,"href":"https:\/\/art-vera.ch\/index.php?rest_route=\/wp\/v2\/pages\/25\/revisions\/491"}],"wp:attachment":[{"href":"https:\/\/art-vera.ch\/index.php?rest_route=%2Fwp%2Fv2%2Fmedia&parent=25"}],"curies":[{"name":"wp","href":"https:\/\/api.w.org\/{rel}","templated":true}]}}